{"id":4793,"date":"2012-02-21T20:37:21","date_gmt":"2012-02-21T20:37:21","guid":{"rendered":"http:\/\/www.autolexicon.net\/?page_id=4793"},"modified":"2022-03-30T19:03:17","modified_gmt":"2022-03-30T19:03:17","slug":"video","status":"publish","type":"page","link":"https:\/\/www.autolexicon.net\/cs\/video\/","title":{"rendered":"Video"},"content":{"rendered":"<p>&nbsp;<\/p>\n<p style=\"text-align: center;\"><a href=\"http:\/\/www.youtube.com\/user\/autolexicon\"><img loading=\"lazy\" decoding=\"async\" class=\"aligncenter size-full wp-image-4790\" title=\"kan\u00e1l autolexiconu\" src=\"http:\/\/www.autolexicon.net\/obr_clanky\/test_youtube_icon.png\" alt=\"\" width=\"300\" height=\"345\" srcset=\"https:\/\/www.autolexicon.net\/obr_clanky\/test_youtube_icon.png 300w, https:\/\/www.autolexicon.net\/obr_clanky\/test_youtube_icon-217x250.png 217w\" sizes=\"auto, (max-width: 300px) 100vw, 300px\" \/><\/a><\/p>\n<p style=\"text-align: center;\"><strong><span style=\"font-family: verdana,geneva; font-size: small;\">Sledujte n\u00e1\u0161 video kan\u00e1l na YouTube<\/span><\/strong><\/p>\n<p style=\"text-align: center;\">&nbsp;&nbsp;<code>[tubepress]<\/code><\/p>\n<p><\/p>","protected":false},"excerpt":{"rendered":"<p>&nbsp; Sledujte n\u00e1\u0161 video kan\u00e1l na YouTube &nbsp;&nbsp;[tubepress]<\/p>\n","protected":false},"author":1,"featured_media":0,"parent":0,"menu_order":0,"comment_status":"closed","ping_status":"open","template":"","meta":{"colormag_page_container_layout":"default_layout","colormag_page_sidebar_layout":"default_layout","rop_custom_images_group":[],"rop_custom_messages_group":[],"rop_publish_now":"initial","rop_publish_now_accounts":{"facebook_10217573569066608_119527941460186":"","twitter_308591058_308591058":""},"rop_publish_now_history":[],"rop_publish_now_status":"pending","ngg_post_thumbnail":0,"two_page_speed":[],"footnotes":""},"class_list":["post-4793","page","type-page","status-publish","hentry"],"yoast_head":"<!-- This site is optimized with the Yoast SEO plugin v27.4 - https:\/\/yoast.com\/product\/yoast-seo-wordpress\/ -->\n<title>Video - autolexicon.net<\/title>\n<meta name=\"robots\" content=\"index, follow, max-snippet:-1, max-image-preview:large, max-video-preview:-1\" \/>\n<link rel=\"canonical\" href=\"https:\/\/www.autolexicon.net\/cs\/video\/\" \/>\n<meta property=\"og:locale\" content=\"cs_CZ\" \/>\n<meta property=\"og:type\" content=\"article\" \/>\n<meta property=\"og:title\" content=\"Video - autolexicon.net\" \/>\n<meta property=\"og:description\" content=\"&nbsp; Sledujte n\u00e1\u0161 video kan\u00e1l na YouTube &nbsp;&nbsp;[tubepress]\" \/>\n<meta property=\"og:url\" content=\"https:\/\/www.autolexicon.net\/cs\/video\/\" \/>\n<meta property=\"og:site_name\" content=\"autolexicon.net\" \/>\n<meta property=\"article:publisher\" content=\"https:\/\/www.facebook.com\/autolexicon.net\" \/>\n<meta property=\"article:modified_time\" content=\"2022-03-30T19:03:17+00:00\" \/>\n<meta property=\"og:image\" content=\"http:\/\/www.autolexicon.net\/obr_clanky\/test_youtube_icon.png\" \/>\n<meta name=\"twitter:card\" content=\"summary_large_image\" \/>\n<meta name=\"twitter:site\" content=\"@autolexiconnet\" \/>\n<script type=\"application\/ld+json\" class=\"yoast-schema-graph\">{\"@context\":\"https:\\\/\\\/schema.org\",\"@graph\":[{\"@type\":\"WebPage\",\"@id\":\"https:\\\/\\\/www.autolexicon.net\\\/cs\\\/video\\\/\",\"url\":\"https:\\\/\\\/www.autolexicon.net\\\/cs\\\/video\\\/\",\"name\":\"Video - autolexicon.net\",\"isPartOf\":{\"@id\":\"https:\\\/\\\/www.autolexicon.net\\\/cs\\\/#website\"},\"primaryImageOfPage\":{\"@id\":\"https:\\\/\\\/www.autolexicon.net\\\/cs\\\/video\\\/#primaryimage\"},\"image\":{\"@id\":\"https:\\\/\\\/www.autolexicon.net\\\/video\\\/#primaryimage\"},\"thumbnailUrl\":\"http:\\\/\\\/www.autolexicon.net\\\/obr_clanky\\\/test_youtube_icon.png\",\"datePublished\":\"2012-02-21T20:37:21+00:00\",\"dateModified\":\"2022-03-30T19:03:17+00:00\",\"breadcrumb\":{\"@id\":\"https:\\\/\\\/www.autolexicon.net\\\/cs\\\/video\\\/#breadcrumb\"},\"inLanguage\":\"cs\",\"potentialAction\":[{\"@type\":\"ReadAction\",\"target\":[[\"https:\\\/\\\/www.autolexicon.net\\\/cs\\\/video\\\/\"]]}]},{\"@type\":\"ImageObject\",\"inLanguage\":\"cs\",\"@id\":\"https:\\\/\\\/www.autolexicon.net\\\/cs\\\/video\\\/#primaryimage\",\"url\":\"http:\\\/\\\/www.autolexicon.net\\\/obr_clanky\\\/test_youtube_icon.png\",\"contentUrl\":\"http:\\\/\\\/www.autolexicon.net\\\/obr_clanky\\\/test_youtube_icon.png\"},{\"@type\":\"BreadcrumbList\",\"@id\":\"https:\\\/\\\/www.autolexicon.net\\\/cs\\\/video\\\/#breadcrumb\",\"itemListElement\":[{\"@type\":\"ListItem\",\"position\":1,\"name\":\"Dom\u016f\",\"item\":\"https:\\\/\\\/www.autolexicon.net\\\/cs\\\/\"},{\"@type\":\"ListItem\",\"position\":2,\"name\":\"Video\"}]},{\"@type\":\"WebSite\",\"@id\":\"https:\\\/\\\/www.autolexicon.net\\\/cs\\\/#website\",\"url\":\"https:\\\/\\\/www.autolexicon.net\\\/cs\\\/\",\"name\":\"autolexicon.net\",\"description\":\"...  s nami uvid\u00edte pod kapotu\",\"publisher\":{\"@id\":\"https:\\\/\\\/www.autolexicon.net\\\/cs\\\/#organization\"},\"potentialAction\":[{\"@type\":\"SearchAction\",\"target\":{\"@type\":\"EntryPoint\",\"urlTemplate\":\"https:\\\/\\\/www.autolexicon.net\\\/cs\\\/?s={search_term_string}\"},\"query-input\":{\"@type\":\"PropertyValueSpecification\",\"valueRequired\":true,\"valueName\":\"search_term_string\"}}],\"inLanguage\":\"cs\"},{\"@type\":\"Organization\",\"@id\":\"https:\\\/\\\/www.autolexicon.net\\\/cs\\\/#organization\",\"name\":\"autolexicon.net\",\"url\":\"https:\\\/\\\/www.autolexicon.net\\\/cs\\\/\",\"logo\":{\"@type\":\"ImageObject\",\"inLanguage\":\"cs\",\"@id\":\"https:\\\/\\\/www.autolexicon.net\\\/cs\\\/#\\\/schema\\\/logo\\\/image\\\/\",\"url\":\"https:\\\/\\\/www.autolexicon.net\\\/obr_clanky\\\/2024_logo___330x90px-2.png\",\"contentUrl\":\"https:\\\/\\\/www.autolexicon.net\\\/obr_clanky\\\/2024_logo___330x90px-2.png\",\"width\":328,\"height\":90,\"caption\":\"autolexicon.net\"},\"image\":{\"@id\":\"https:\\\/\\\/www.autolexicon.net\\\/cs\\\/#\\\/schema\\\/logo\\\/image\\\/\"},\"sameAs\":[\"https:\\\/\\\/www.facebook.com\\\/autolexicon.net\",\"https:\\\/\\\/x.com\\\/autolexiconnet\"]}]}<\/script>\n<!-- \/ Yoast SEO plugin. -->","yoast_head_json":{"title":"Video - autolexicon.net","robots":{"index":"index","follow":"follow","max-snippet":"max-snippet:-1","max-image-preview":"max-image-preview:large","max-video-preview":"max-video-preview:-1"},"canonical":"https:\/\/www.autolexicon.net\/cs\/video\/","og_locale":"cs_CZ","og_type":"article","og_title":"Video - autolexicon.net","og_description":"&nbsp; Sledujte n\u00e1\u0161 video kan\u00e1l na YouTube &nbsp;&nbsp;[tubepress]","og_url":"https:\/\/www.autolexicon.net\/cs\/video\/","og_site_name":"autolexicon.net","article_publisher":"https:\/\/www.facebook.com\/autolexicon.net","article_modified_time":"2022-03-30T19:03:17+00:00","og_image":[{"url":"http:\/\/www.autolexicon.net\/obr_clanky\/test_youtube_icon.png","type":"","width":"","height":""}],"twitter_card":"summary_large_image","twitter_site":"@autolexiconnet","schema":{"@context":"https:\/\/schema.org","@graph":[{"@type":"WebPage","@id":"https:\/\/www.autolexicon.net\/cs\/video\/","url":"https:\/\/www.autolexicon.net\/cs\/video\/","name":"Video - autolexicon.net","isPartOf":{"@id":"https:\/\/www.autolexicon.net\/cs\/#website"},"primaryImageOfPage":{"@id":"https:\/\/www.autolexicon.net\/cs\/video\/#primaryimage"},"image":{"@id":"https:\/\/www.autolexicon.net\/video\/#primaryimage"},"thumbnailUrl":"http:\/\/www.autolexicon.net\/obr_clanky\/test_youtube_icon.png","datePublished":"2012-02-21T20:37:21+00:00","dateModified":"2022-03-30T19:03:17+00:00","breadcrumb":{"@id":"https:\/\/www.autolexicon.net\/cs\/video\/#breadcrumb"},"inLanguage":"cs","potentialAction":[{"@type":"ReadAction","target":[["https:\/\/www.autolexicon.net\/cs\/video\/"]]}]},{"@type":"ImageObject","inLanguage":"cs","@id":"https:\/\/www.autolexicon.net\/cs\/video\/#primaryimage","url":"http:\/\/www.autolexicon.net\/obr_clanky\/test_youtube_icon.png","contentUrl":"http:\/\/www.autolexicon.net\/obr_clanky\/test_youtube_icon.png"},{"@type":"BreadcrumbList","@id":"https:\/\/www.autolexicon.net\/cs\/video\/#breadcrumb","itemListElement":[{"@type":"ListItem","position":1,"name":"Dom\u016f","item":"https:\/\/www.autolexicon.net\/cs\/"},{"@type":"ListItem","position":2,"name":"Video"}]},{"@type":"WebSite","@id":"https:\/\/www.autolexicon.net\/cs\/#website","url":"https:\/\/www.autolexicon.net\/cs\/","name":"autolexicon.net","description":"...  s nami uvid\u00edte pod kapotu","publisher":{"@id":"https:\/\/www.autolexicon.net\/cs\/#organization"},"potentialAction":[{"@type":"SearchAction","target":{"@type":"EntryPoint","urlTemplate":"https:\/\/www.autolexicon.net\/cs\/?s={search_term_string}"},"query-input":{"@type":"PropertyValueSpecification","valueRequired":true,"valueName":"search_term_string"}}],"inLanguage":"cs"},{"@type":"Organization","@id":"https:\/\/www.autolexicon.net\/cs\/#organization","name":"autolexicon.net","url":"https:\/\/www.autolexicon.net\/cs\/","logo":{"@type":"ImageObject","inLanguage":"cs","@id":"https:\/\/www.autolexicon.net\/cs\/#\/schema\/logo\/image\/","url":"https:\/\/www.autolexicon.net\/obr_clanky\/2024_logo___330x90px-2.png","contentUrl":"https:\/\/www.autolexicon.net\/obr_clanky\/2024_logo___330x90px-2.png","width":328,"height":90,"caption":"autolexicon.net"},"image":{"@id":"https:\/\/www.autolexicon.net\/cs\/#\/schema\/logo\/image\/"},"sameAs":["https:\/\/www.facebook.com\/autolexicon.net","https:\/\/x.com\/autolexiconnet"]}]}},"_links":{"self":[{"href":"https:\/\/www.autolexicon.net\/cs\/wp-json\/wp\/v2\/pages\/4793","targetHints":{"allow":["GET"]}}],"collection":[{"href":"https:\/\/www.autolexicon.net\/cs\/wp-json\/wp\/v2\/pages"}],"about":[{"href":"https:\/\/www.autolexicon.net\/cs\/wp-json\/wp\/v2\/types\/page"}],"author":[{"embeddable":true,"href":"https:\/\/www.autolexicon.net\/cs\/wp-json\/wp\/v2\/users\/1"}],"replies":[{"embeddable":true,"href":"https:\/\/www.autolexicon.net\/cs\/wp-json\/wp\/v2\/comments?post=4793"}],"version-history":[{"count":0,"href":"https:\/\/www.autolexicon.net\/cs\/wp-json\/wp\/v2\/pages\/4793\/revisions"}],"wp:attachment":[{"href":"https:\/\/www.autolexicon.net\/cs\/wp-json\/wp\/v2\/media?parent=4793"}],"curies":[{"name":"wp","href":"https:\/\/api.w.org\/{rel}","templated":true}]}}