{"id":276,"date":"2011-03-26T14:52:22","date_gmt":"2011-03-26T14:52:22","guid":{"rendered":"http:\/\/wordpress.autolexicon.net\/"},"modified":"2022-03-31T06:36:19","modified_gmt":"2022-03-31T06:36:19","slug":"redakce","status":"publish","type":"page","link":"https:\/\/www.autolexicon.net\/de\/redakce\/","title":{"rendered":"Redaktionelle Mitarbeiter"},"content":{"rendered":"<p><\/p>\n<table style=\"text-align: justify; height: 100%; width: 100%;\" cellspacing=\"10\" cellpadding=\"0\" border=\"0\">\n<tbody>\n<tr>\n<td style=\"width: 630px;\">\n<div>\n<p style=\"text-align: center;\"><span style=\"font-size: 10pt; font-family: verdana, geneva, sans-serif;\"><img loading=\"lazy\" decoding=\"async\" class=\"aligncenter wp-image-6320\" src=\"http:\/\/www.autolexicon.net\/obr_clanky\/banner1-250x123.jpg\" alt=\"banner\" width=\"750\" height=\"370\" srcset=\"https:\/\/www.autolexicon.net\/obr_clanky\/banner1-250x123.jpg 250w, https:\/\/www.autolexicon.net\/obr_clanky\/banner1-203x100.jpg 203w, https:\/\/www.autolexicon.net\/obr_clanky\/banner1-600x296.jpg 600w, https:\/\/www.autolexicon.net\/obr_clanky\/banner1.jpg 1460w\" sizes=\"auto, (max-width: 750px) 100vw, 750px\" \/><strong>Informationsportal f\u00fcr Automobiltechnik<\/strong><\/span><\/p>\n<div style=\"text-align: justify;\">\n<p><span style=\"font-size: 10pt; font-family: verdana, geneva, sans-serif;\"><strong><em>Informationen \u00fcber die Website und wie sie funktioniert!<\/em><\/strong><\/span><\/p>\n<\/div>\n<div style=\"text-align: justify;\">\n<div>\n<p><span style=\"font-size: 10pt; font-family: verdana, geneva, sans-serif;\">Die Website <strong>autolexicon.net ist ein unabh\u00e4ngiges Internetportal<\/strong>, das als erkl\u00e4rendes W\u00f6rterbuch fungiert. Der Schwerpunkt der Website liegt auf Begriffen aus der Automobilbranche und der Automobilgeschichte. In unserem Online-Erkl\u00e4rungsw\u00f6rterbuch haben Sie die M\u00f6glichkeit, kostenlos viele wichtige Informationen zu erfahren, die Sie sonst nirgendwo finden.<\/span><\/p>\n<\/div>\n<p><span style=\"font-family: verdana, geneva, sans-serif; font-size: 10pt;\">Die Website wird st\u00e4ndig weiterentwickelt und <strong>jede Woche kommen neue Begriffe hinzu<\/strong>. Die Artikel sind so knapp und klar wie m\u00f6glich gehalten, ohne unn\u00f6tige Theorie. Wir versuchen, die neu hinzugekommenen Eintr\u00e4ge so zu bearbeiten, dass sie den Fachmann nicht vor den Kopf sto\u00dfen und sich gleichzeitig der Laie nicht unn\u00f6tig darin verliert.<\/span><\/p>\n<p>&nbsp;<\/p>\n<\/div>\n<div style=\"text-align: justify;\">\n<div>\n<p><span style=\"font-size: 10pt; font-family: verdana, geneva, sans-serif;\"><strong><em>Redaktionelle Mitarbeiter:<\/em><\/strong><\/span><\/p>\n<\/div>\n<div>\n<p style=\"text-align: center;\"><span style=\"font-size: 10pt; font-family: verdana, geneva, sans-serif;\"><strong>Ing. Jan Sajdl, Ph.D. &#8211; Herausgeber, Autor des Projekts<\/strong><\/span><\/p>\n<p style=\"text-align: center;\"><span style=\"font-size: 10pt; font-family: verdana, geneva, sans-serif;\">Ing. Vlastimil Flodrman &#8211; Redakteur, Fachberater<\/span><br \/>\n<span style=\"font-size: 10pt; font-family: verdana, geneva, sans-serif;\">Ing. Michal Studen\u00fd &#8211; Redakteur, Fachberater<\/span><br \/>\n<span style=\"font-size: 10pt; font-family: verdana, geneva, sans-serif;\">Ing. Ond\u0159ej Med\u016fna &#8211; Fachberater, Sprachkorrektur<\/span><br \/>\n<span style=\"font-size: 10pt; font-family: verdana, geneva, sans-serif;\">Bc. Kate\u0159ina Sajdlov\u00e1 &#8211; Sprachkorrektur<\/span><br \/>\n<span style=\"font-size: 10pt; font-family: verdana, geneva, sans-serif;\">Bronislav Mocek &#8211; Englisch-\u00dcbersetzungen, IT-Unterst\u00fctzung<\/span><\/p>\n<p>&nbsp;<\/p>\n<\/div>\n<div>\n<p><span style=\"font-size: 10pt; font-family: verdana, geneva, sans-serif;\"><strong><em> Kontakt:<\/em><\/strong><\/span><\/p>\n<\/div>\n<p style=\"text-align: center;\"><span style=\"font-size: 10pt; font-family: verdana, geneva, sans-serif;\">autolexicon<em>(at)<\/em>gmail.com<\/span><\/p>\n<\/div>\n<\/div>\n<\/td>\n<\/tr>\n<\/tbody>\n<\/table>\n<div id=\"malwarebytes-root\">&nbsp;<\/div>\n<div id=\"malwarebytes-root\">&nbsp;<\/div>\n<p><\/p>","protected":false},"excerpt":{"rendered":"<p>Informationsportal f\u00fcr Automobiltechnik Informationen \u00fcber die Website und wie sie funktioniert! Die Website autolexicon.net ist ein unabh\u00e4ngiges Internetportal, das als<\/p>\n","protected":false},"author":1,"featured_media":0,"parent":0,"menu_order":0,"comment_status":"closed","ping_status":"open","template":"","meta":{"colormag_page_container_layout":"default_layout","colormag_page_sidebar_layout":"default_layout","rop_custom_images_group":[],"rop_custom_messages_group":[],"rop_publish_now":"initial","rop_publish_now_accounts":{"facebook_10217573569066608_119527941460186":"","twitter_308591058_308591058":""},"rop_publish_now_history":[],"rop_publish_now_status":"pending","ngg_post_thumbnail":0,"two_page_speed":[],"footnotes":""},"class_list":["post-276","page","type-page","status-publish","hentry"],"yoast_head":"<!-- This site is optimized with the Yoast SEO plugin v27.4 - https:\/\/yoast.com\/product\/yoast-seo-wordpress\/ -->\n<title>Redaktionelle Mitarbeiter - autolexicon.net<\/title>\n<meta name=\"robots\" content=\"index, follow, max-snippet:-1, max-image-preview:large, max-video-preview:-1\" \/>\n<link rel=\"canonical\" href=\"https:\/\/www.autolexicon.net\/de\/redakce\/\" \/>\n<meta property=\"og:locale\" content=\"de_DE\" \/>\n<meta property=\"og:type\" content=\"article\" \/>\n<meta property=\"og:title\" content=\"Redaktionelle Mitarbeiter - autolexicon.net\" \/>\n<meta property=\"og:description\" content=\"Informationsportal f\u00fcr Automobiltechnik Informationen \u00fcber die Website und wie sie funktioniert! Die Website autolexicon.net ist ein unabh\u00e4ngiges Internetportal, das als\" \/>\n<meta property=\"og:url\" content=\"https:\/\/www.autolexicon.net\/de\/redakce\/\" \/>\n<meta property=\"og:site_name\" content=\"autolexicon.net\" \/>\n<meta property=\"article:publisher\" content=\"https:\/\/www.facebook.com\/autolexicon.net\" \/>\n<meta property=\"article:modified_time\" content=\"2022-03-31T06:36:19+00:00\" \/>\n<meta property=\"og:image\" content=\"http:\/\/www.autolexicon.net\/obr_clanky\/banner1-250x123.jpg\" \/>\n<meta name=\"twitter:card\" content=\"summary_large_image\" \/>\n<meta name=\"twitter:site\" content=\"@autolexiconnet\" \/>\n<meta name=\"twitter:label1\" content=\"Gesch\u00e4tzte Lesezeit\" \/>\n\t<meta name=\"twitter:data1\" content=\"4\u00a0Minuten\" \/>\n<script type=\"application\/ld+json\" class=\"yoast-schema-graph\">{\"@context\":\"https:\\\/\\\/schema.org\",\"@graph\":[{\"@type\":\"WebPage\",\"@id\":\"https:\\\/\\\/www.autolexicon.net\\\/de\\\/redakce\\\/\",\"url\":\"https:\\\/\\\/www.autolexicon.net\\\/de\\\/redakce\\\/\",\"name\":\"Redaktionelle Mitarbeiter - autolexicon.net\",\"isPartOf\":{\"@id\":\"https:\\\/\\\/www.autolexicon.net\\\/de\\\/#website\"},\"primaryImageOfPage\":{\"@id\":\"https:\\\/\\\/www.autolexicon.net\\\/de\\\/redakce\\\/#primaryimage\"},\"image\":{\"@id\":\"https:\\\/\\\/www.autolexicon.net\\\/redakce\\\/#primaryimage\"},\"thumbnailUrl\":\"http:\\\/\\\/www.autolexicon.net\\\/obr_clanky\\\/banner1-250x123.jpg\",\"datePublished\":\"2011-03-26T14:52:22+00:00\",\"dateModified\":\"2022-03-31T06:36:19+00:00\",\"breadcrumb\":{\"@id\":\"https:\\\/\\\/www.autolexicon.net\\\/de\\\/redakce\\\/#breadcrumb\"},\"inLanguage\":\"de\",\"potentialAction\":[{\"@type\":\"ReadAction\",\"target\":[[\"https:\\\/\\\/www.autolexicon.net\\\/de\\\/redakce\\\/\"]]}]},{\"@type\":\"ImageObject\",\"inLanguage\":\"de\",\"@id\":\"https:\\\/\\\/www.autolexicon.net\\\/de\\\/redakce\\\/#primaryimage\",\"url\":\"http:\\\/\\\/www.autolexicon.net\\\/obr_clanky\\\/banner1-250x123.jpg\",\"contentUrl\":\"http:\\\/\\\/www.autolexicon.net\\\/obr_clanky\\\/banner1-250x123.jpg\"},{\"@type\":\"BreadcrumbList\",\"@id\":\"https:\\\/\\\/www.autolexicon.net\\\/de\\\/redakce\\\/#breadcrumb\",\"itemListElement\":[{\"@type\":\"ListItem\",\"position\":1,\"name\":\"Dom\u016f\",\"item\":\"https:\\\/\\\/www.autolexicon.net\\\/de\\\/\"},{\"@type\":\"ListItem\",\"position\":2,\"name\":\"Redakce\"}]},{\"@type\":\"WebSite\",\"@id\":\"https:\\\/\\\/www.autolexicon.net\\\/de\\\/#website\",\"url\":\"https:\\\/\\\/www.autolexicon.net\\\/de\\\/\",\"name\":\"autolexicon.net\",\"description\":\"... bei uns sehen Sie unter die Haube\",\"publisher\":{\"@id\":\"https:\\\/\\\/www.autolexicon.net\\\/de\\\/#organization\"},\"potentialAction\":[{\"@type\":\"SearchAction\",\"target\":{\"@type\":\"EntryPoint\",\"urlTemplate\":\"https:\\\/\\\/www.autolexicon.net\\\/de\\\/?s={search_term_string}\"},\"query-input\":{\"@type\":\"PropertyValueSpecification\",\"valueRequired\":true,\"valueName\":\"search_term_string\"}}],\"inLanguage\":\"de\"},{\"@type\":\"Organization\",\"@id\":\"https:\\\/\\\/www.autolexicon.net\\\/de\\\/#organization\",\"name\":\"autolexicon.net\",\"url\":\"https:\\\/\\\/www.autolexicon.net\\\/de\\\/\",\"logo\":{\"@type\":\"ImageObject\",\"inLanguage\":\"de\",\"@id\":\"https:\\\/\\\/www.autolexicon.net\\\/de\\\/#\\\/schema\\\/logo\\\/image\\\/\",\"url\":\"https:\\\/\\\/www.autolexicon.net\\\/obr_clanky\\\/2024_logo___330x90px-2.png\",\"contentUrl\":\"https:\\\/\\\/www.autolexicon.net\\\/obr_clanky\\\/2024_logo___330x90px-2.png\",\"width\":328,\"height\":90,\"caption\":\"autolexicon.net\"},\"image\":{\"@id\":\"https:\\\/\\\/www.autolexicon.net\\\/de\\\/#\\\/schema\\\/logo\\\/image\\\/\"},\"sameAs\":[\"https:\\\/\\\/www.facebook.com\\\/autolexicon.net\",\"https:\\\/\\\/x.com\\\/autolexiconnet\"]}]}<\/script>\n<!-- \/ Yoast SEO plugin. -->","yoast_head_json":{"title":"Redaktionelle Mitarbeiter - autolexicon.net","robots":{"index":"index","follow":"follow","max-snippet":"max-snippet:-1","max-image-preview":"max-image-preview:large","max-video-preview":"max-video-preview:-1"},"canonical":"https:\/\/www.autolexicon.net\/de\/redakce\/","og_locale":"de_DE","og_type":"article","og_title":"Redaktionelle Mitarbeiter - autolexicon.net","og_description":"Informationsportal f\u00fcr Automobiltechnik Informationen \u00fcber die Website und wie sie funktioniert! Die Website autolexicon.net ist ein unabh\u00e4ngiges Internetportal, das als","og_url":"https:\/\/www.autolexicon.net\/de\/redakce\/","og_site_name":"autolexicon.net","article_publisher":"https:\/\/www.facebook.com\/autolexicon.net","article_modified_time":"2022-03-31T06:36:19+00:00","og_image":[{"url":"http:\/\/www.autolexicon.net\/obr_clanky\/banner1-250x123.jpg","type":"","width":"","height":""}],"twitter_card":"summary_large_image","twitter_site":"@autolexiconnet","twitter_misc":{"Gesch\u00e4tzte Lesezeit":"4\u00a0Minuten"},"schema":{"@context":"https:\/\/schema.org","@graph":[{"@type":"WebPage","@id":"https:\/\/www.autolexicon.net\/de\/redakce\/","url":"https:\/\/www.autolexicon.net\/de\/redakce\/","name":"Redaktionelle Mitarbeiter - autolexicon.net","isPartOf":{"@id":"https:\/\/www.autolexicon.net\/de\/#website"},"primaryImageOfPage":{"@id":"https:\/\/www.autolexicon.net\/de\/redakce\/#primaryimage"},"image":{"@id":"https:\/\/www.autolexicon.net\/redakce\/#primaryimage"},"thumbnailUrl":"http:\/\/www.autolexicon.net\/obr_clanky\/banner1-250x123.jpg","datePublished":"2011-03-26T14:52:22+00:00","dateModified":"2022-03-31T06:36:19+00:00","breadcrumb":{"@id":"https:\/\/www.autolexicon.net\/de\/redakce\/#breadcrumb"},"inLanguage":"de","potentialAction":[{"@type":"ReadAction","target":[["https:\/\/www.autolexicon.net\/de\/redakce\/"]]}]},{"@type":"ImageObject","inLanguage":"de","@id":"https:\/\/www.autolexicon.net\/de\/redakce\/#primaryimage","url":"http:\/\/www.autolexicon.net\/obr_clanky\/banner1-250x123.jpg","contentUrl":"http:\/\/www.autolexicon.net\/obr_clanky\/banner1-250x123.jpg"},{"@type":"BreadcrumbList","@id":"https:\/\/www.autolexicon.net\/de\/redakce\/#breadcrumb","itemListElement":[{"@type":"ListItem","position":1,"name":"Dom\u016f","item":"https:\/\/www.autolexicon.net\/de\/"},{"@type":"ListItem","position":2,"name":"Redakce"}]},{"@type":"WebSite","@id":"https:\/\/www.autolexicon.net\/de\/#website","url":"https:\/\/www.autolexicon.net\/de\/","name":"autolexicon.net","description":"... bei uns sehen Sie unter die Haube","publisher":{"@id":"https:\/\/www.autolexicon.net\/de\/#organization"},"potentialAction":[{"@type":"SearchAction","target":{"@type":"EntryPoint","urlTemplate":"https:\/\/www.autolexicon.net\/de\/?s={search_term_string}"},"query-input":{"@type":"PropertyValueSpecification","valueRequired":true,"valueName":"search_term_string"}}],"inLanguage":"de"},{"@type":"Organization","@id":"https:\/\/www.autolexicon.net\/de\/#organization","name":"autolexicon.net","url":"https:\/\/www.autolexicon.net\/de\/","logo":{"@type":"ImageObject","inLanguage":"de","@id":"https:\/\/www.autolexicon.net\/de\/#\/schema\/logo\/image\/","url":"https:\/\/www.autolexicon.net\/obr_clanky\/2024_logo___330x90px-2.png","contentUrl":"https:\/\/www.autolexicon.net\/obr_clanky\/2024_logo___330x90px-2.png","width":328,"height":90,"caption":"autolexicon.net"},"image":{"@id":"https:\/\/www.autolexicon.net\/de\/#\/schema\/logo\/image\/"},"sameAs":["https:\/\/www.facebook.com\/autolexicon.net","https:\/\/x.com\/autolexiconnet"]}]}},"_links":{"self":[{"href":"https:\/\/www.autolexicon.net\/de\/wp-json\/wp\/v2\/pages\/276","targetHints":{"allow":["GET"]}}],"collection":[{"href":"https:\/\/www.autolexicon.net\/de\/wp-json\/wp\/v2\/pages"}],"about":[{"href":"https:\/\/www.autolexicon.net\/de\/wp-json\/wp\/v2\/types\/page"}],"author":[{"embeddable":true,"href":"https:\/\/www.autolexicon.net\/de\/wp-json\/wp\/v2\/users\/1"}],"replies":[{"embeddable":true,"href":"https:\/\/www.autolexicon.net\/de\/wp-json\/wp\/v2\/comments?post=276"}],"version-history":[{"count":0,"href":"https:\/\/www.autolexicon.net\/de\/wp-json\/wp\/v2\/pages\/276\/revisions"}],"wp:attachment":[{"href":"https:\/\/www.autolexicon.net\/de\/wp-json\/wp\/v2\/media?parent=276"}],"curies":[{"name":"wp","href":"https:\/\/api.w.org\/{rel}","templated":true}]}}