{"id":7036,"date":"2016-04-11T07:18:33","date_gmt":"2016-04-11T07:18:33","guid":{"rendered":"http:\/\/www.autolexicon.net\/?page_id=7036"},"modified":"2022-03-31T06:47:45","modified_gmt":"2022-03-31T06:47:45","slug":"podminky-uziti","status":"publish","type":"page","link":"https:\/\/www.autolexicon.net\/de\/podminky-uziti\/","title":{"rendered":"Bedingungen f\u00fcr die Nutzung"},"content":{"rendered":"<p><\/p>\n<p style=\"text-align: justify;\"><strong><span style=\"font-size: 10pt; font-family: verdana, geneva, sans-serif;\">Der Zugriff auf die Website www.autolexicon.net unterliegt den folgenden Nutzungsbedingungen. Bitte lesen und respektieren Sie diese Bestimmungen und Bedingungen!<\/span><\/strong><\/p>\n<p style=\"text-align: justify;\"><strong><span style=\"font-size: 10pt; font-family: verdana, geneva, sans-serif;\">Urheberrecht<\/span><\/strong><\/p>\n<p style=\"text-align: justify;\"><span style=\"font-size: 10pt; font-family: verdana, geneva, sans-serif;\">Alle Rechte, einschlie\u00dflich der Urheber- und Datenbankrechte, an dieser Website und ihrem Inhalt unterliegen dem Urheberrecht. Jegliche Verwendung von Teilen der Internet-Enzyklop\u00e4die autolexicon.net, insbesondere die Weitergabe und Bearbeitung, ist ohne Zustimmung des Herausgebers und unter Angabe der Quelle untersagt. Das bedeutet nicht, dass richtige, vern\u00fcnftige Projekte und Antr\u00e4ge auf Zusammenarbeit nicht unterst\u00fctzt werden. Im Gegenteil, die Redaktion f\u00f6rdert die Verbreitung von Fachinformationen, scheuen Sie sich also nicht, uns zu kontaktieren.<\/span><\/p>\n<p style=\"text-align: justify;\"><span style=\"font-size: 10pt; font-family: verdana, geneva, sans-serif;\">Dritten ist es untersagt, die Informationen auf unserer Website in irgendeiner Weise zu ver\u00e4ndern, zu erg\u00e4nzen oder zu korrigieren. Sie erkl\u00e4ren sich damit einverstanden, diese Website nur f\u00fcr die gesetzlich zul\u00e4ssigen Zwecke zu nutzen.<\/span><\/p>\n<p style=\"text-align: justify;\"><strong><span style=\"font-size: 10pt; font-family: verdana, geneva, sans-serif;\">Haftungsausschluss<\/span><\/strong><\/p>\n<p style=\"text-align: justify;\"><span style=\"font-size: 10pt; font-family: verdana, geneva, sans-serif;\">Die Redaktion ist um Richtigkeit, Vollst\u00e4ndigkeit und Aktualit\u00e4t der auf dieser Website bereitgestellten Informationen bem\u00fcht. Durch die Nutzung dieser Website erkl\u00e4ren Sie sich jedoch mit den Bedingungen einverstanden, die an dem Tag in Kraft treten, an dem Sie diese Website zum ersten Mal nutzen.<\/span><\/p>\n<p style=\"text-align: justify;\"><span style=\"font-size: 10pt; font-family: verdana, geneva, sans-serif;\">Die Herausgeber \u00fcbernehmen keine Gew\u00e4hr f\u00fcr die Richtigkeit oder Vollst\u00e4ndigkeit der auf dieser Website bereitgestellten Informationen, noch daf\u00fcr, dass die Nutzung dieser Website ununterbrochen oder fehlerfrei ist, noch daf\u00fcr, dass diese Website und ihre Server frei von Computerviren oder verborgenen M\u00e4ngeln sind.<\/span><\/p>\n<p style=\"text-align: justify;\"><span style=\"font-size: 10pt; font-family: verdana, geneva, sans-serif;\">Die Herausgeber haften in keinem Fall f\u00fcr Sch\u00e4den oder Verluste, die sich aus der Nutzung der auf dieser Website bereitgestellten Informationen ergeben, einschlie\u00dflich indirekter Sch\u00e4den oder Folgesch\u00e4den jeglicher Art.<\/span><\/p>\n<p style=\"text-align: justify;\"><span style=\"font-size: 10pt; font-family: verdana, geneva, sans-serif;\">Ungeachtet anderslautender Bestimmungen in diesen Nutzungsbedingungen haften die Herausgeber nicht f\u00fcr Anspr\u00fcche im Zusammenhang mit der Funktionalit\u00e4t oder Verf\u00fcgbarkeit dieser Website.<\/span><\/p>\n<p style=\"text-align: justify;\"><strong><span style=\"font-size: 10pt; font-family: verdana, geneva, sans-serif;\">Externe Links<\/span><\/strong><\/p>\n<p style=\"text-align: justify;\"><span style=\"font-size: 10pt; font-family: verdana, geneva, sans-serif;\">Das Redaktionsteam ist nicht verantwortlich f\u00fcr den Inhalt von Websites Dritter, die mit unserer Website verlinkt sind. Ebenso ist die Redaktion nicht verantwortlich f\u00fcr Websites Dritter, die Sie durch Anklicken eines auf www.autolexicon.net bereitgestellten Links besuchen.<\/span><\/p>\n<p style=\"text-align: justify;\"><span style=\"font-size: 10pt; font-family: verdana, geneva, sans-serif;\">Die Redaktion beh\u00e4lt sich das Recht vor, diese Bedingungen jederzeit zu \u00e4ndern, indem sie die \u00c4nderungen online ver\u00f6ffentlicht.<\/span><\/p>\n<p><strong><span style=\"font-size: 14pt; font-family: verdana, geneva, sans-serif; color: #ff0000;\">Wenn Sie mit diesen Bedingungen nicht in vollem Umfang einverstanden sind, d\u00fcrfen Sie diese Website nicht nutzen!<\/span><\/strong><\/p>","protected":false},"excerpt":{"rendered":"<p>Der Zugriff auf die Website www.autolexicon.net unterliegt den folgenden Nutzungsbedingungen. Bitte lesen und respektieren Sie diese Bestimmungen und Bedingungen! Urheberrecht<\/p>\n","protected":false},"author":1,"featured_media":0,"parent":0,"menu_order":0,"comment_status":"closed","ping_status":"closed","template":"","meta":{"colormag_page_container_layout":"default_layout","colormag_page_sidebar_layout":"default_layout","rop_custom_images_group":[],"rop_custom_messages_group":[],"rop_publish_now":"initial","rop_publish_now_accounts":{"facebook_10217573569066608_119527941460186":"","twitter_308591058_308591058":""},"rop_publish_now_history":[],"rop_publish_now_status":"pending","ngg_post_thumbnail":0,"two_page_speed":[],"footnotes":""},"class_list":["post-7036","page","type-page","status-publish","hentry"],"yoast_head":"<!-- This site is optimized with the Yoast SEO plugin v27.4 - https:\/\/yoast.com\/product\/yoast-seo-wordpress\/ -->\n<title>Bedingungen f\u00fcr die Nutzung - autolexicon.net<\/title>\n<meta name=\"robots\" content=\"index, follow, max-snippet:-1, max-image-preview:large, max-video-preview:-1\" \/>\n<link rel=\"canonical\" href=\"https:\/\/www.autolexicon.net\/de\/podminky-uziti\/\" \/>\n<meta property=\"og:locale\" content=\"de_DE\" \/>\n<meta property=\"og:type\" content=\"article\" \/>\n<meta property=\"og:title\" content=\"Bedingungen f\u00fcr die Nutzung - autolexicon.net\" \/>\n<meta property=\"og:description\" content=\"Der Zugriff auf die Website www.autolexicon.net unterliegt den folgenden Nutzungsbedingungen. Bitte lesen und respektieren Sie diese Bestimmungen und Bedingungen! Urheberrecht\" \/>\n<meta property=\"og:url\" content=\"https:\/\/www.autolexicon.net\/de\/podminky-uziti\/\" \/>\n<meta property=\"og:site_name\" content=\"autolexicon.net\" \/>\n<meta property=\"article:publisher\" content=\"https:\/\/www.facebook.com\/autolexicon.net\" \/>\n<meta property=\"article:modified_time\" content=\"2022-03-31T06:47:45+00:00\" \/>\n<meta name=\"twitter:card\" content=\"summary_large_image\" \/>\n<meta name=\"twitter:site\" content=\"@autolexiconnet\" \/>\n<meta name=\"twitter:label1\" content=\"Gesch\u00e4tzte Lesezeit\" \/>\n\t<meta name=\"twitter:data1\" content=\"8\u00a0Minuten\" \/>\n<script type=\"application\/ld+json\" class=\"yoast-schema-graph\">{\"@context\":\"https:\\\/\\\/schema.org\",\"@graph\":[{\"@type\":\"WebPage\",\"@id\":\"https:\\\/\\\/www.autolexicon.net\\\/de\\\/podminky-uziti\\\/\",\"url\":\"https:\\\/\\\/www.autolexicon.net\\\/de\\\/podminky-uziti\\\/\",\"name\":\"Bedingungen f\u00fcr die Nutzung - autolexicon.net\",\"isPartOf\":{\"@id\":\"https:\\\/\\\/www.autolexicon.net\\\/de\\\/#website\"},\"datePublished\":\"2016-04-11T07:18:33+00:00\",\"dateModified\":\"2022-03-31T06:47:45+00:00\",\"breadcrumb\":{\"@id\":\"https:\\\/\\\/www.autolexicon.net\\\/de\\\/podminky-uziti\\\/#breadcrumb\"},\"inLanguage\":\"de\",\"potentialAction\":[{\"@type\":\"ReadAction\",\"target\":[[\"https:\\\/\\\/www.autolexicon.net\\\/de\\\/podminky-uziti\\\/\"]]}]},{\"@type\":\"BreadcrumbList\",\"@id\":\"https:\\\/\\\/www.autolexicon.net\\\/de\\\/podminky-uziti\\\/#breadcrumb\",\"itemListElement\":[{\"@type\":\"ListItem\",\"position\":1,\"name\":\"Dom\u016f\",\"item\":\"https:\\\/\\\/www.autolexicon.net\\\/de\\\/\"},{\"@type\":\"ListItem\",\"position\":2,\"name\":\"Podm\u00ednky u\u017eit\u00ed\"}]},{\"@type\":\"WebSite\",\"@id\":\"https:\\\/\\\/www.autolexicon.net\\\/de\\\/#website\",\"url\":\"https:\\\/\\\/www.autolexicon.net\\\/de\\\/\",\"name\":\"autolexicon.net\",\"description\":\"... bei uns sehen Sie unter die Haube\",\"publisher\":{\"@id\":\"https:\\\/\\\/www.autolexicon.net\\\/de\\\/#organization\"},\"potentialAction\":[{\"@type\":\"SearchAction\",\"target\":{\"@type\":\"EntryPoint\",\"urlTemplate\":\"https:\\\/\\\/www.autolexicon.net\\\/de\\\/?s={search_term_string}\"},\"query-input\":{\"@type\":\"PropertyValueSpecification\",\"valueRequired\":true,\"valueName\":\"search_term_string\"}}],\"inLanguage\":\"de\"},{\"@type\":\"Organization\",\"@id\":\"https:\\\/\\\/www.autolexicon.net\\\/de\\\/#organization\",\"name\":\"autolexicon.net\",\"url\":\"https:\\\/\\\/www.autolexicon.net\\\/de\\\/\",\"logo\":{\"@type\":\"ImageObject\",\"inLanguage\":\"de\",\"@id\":\"https:\\\/\\\/www.autolexicon.net\\\/de\\\/#\\\/schema\\\/logo\\\/image\\\/\",\"url\":\"https:\\\/\\\/www.autolexicon.net\\\/obr_clanky\\\/2024_logo___330x90px-2.png\",\"contentUrl\":\"https:\\\/\\\/www.autolexicon.net\\\/obr_clanky\\\/2024_logo___330x90px-2.png\",\"width\":328,\"height\":90,\"caption\":\"autolexicon.net\"},\"image\":{\"@id\":\"https:\\\/\\\/www.autolexicon.net\\\/de\\\/#\\\/schema\\\/logo\\\/image\\\/\"},\"sameAs\":[\"https:\\\/\\\/www.facebook.com\\\/autolexicon.net\",\"https:\\\/\\\/x.com\\\/autolexiconnet\"]}]}<\/script>\n<!-- \/ Yoast SEO plugin. -->","yoast_head_json":{"title":"Bedingungen f\u00fcr die Nutzung - autolexicon.net","robots":{"index":"index","follow":"follow","max-snippet":"max-snippet:-1","max-image-preview":"max-image-preview:large","max-video-preview":"max-video-preview:-1"},"canonical":"https:\/\/www.autolexicon.net\/de\/podminky-uziti\/","og_locale":"de_DE","og_type":"article","og_title":"Bedingungen f\u00fcr die Nutzung - autolexicon.net","og_description":"Der Zugriff auf die Website www.autolexicon.net unterliegt den folgenden Nutzungsbedingungen. Bitte lesen und respektieren Sie diese Bestimmungen und Bedingungen! Urheberrecht","og_url":"https:\/\/www.autolexicon.net\/de\/podminky-uziti\/","og_site_name":"autolexicon.net","article_publisher":"https:\/\/www.facebook.com\/autolexicon.net","article_modified_time":"2022-03-31T06:47:45+00:00","twitter_card":"summary_large_image","twitter_site":"@autolexiconnet","twitter_misc":{"Gesch\u00e4tzte Lesezeit":"8\u00a0Minuten"},"schema":{"@context":"https:\/\/schema.org","@graph":[{"@type":"WebPage","@id":"https:\/\/www.autolexicon.net\/de\/podminky-uziti\/","url":"https:\/\/www.autolexicon.net\/de\/podminky-uziti\/","name":"Bedingungen f\u00fcr die Nutzung - autolexicon.net","isPartOf":{"@id":"https:\/\/www.autolexicon.net\/de\/#website"},"datePublished":"2016-04-11T07:18:33+00:00","dateModified":"2022-03-31T06:47:45+00:00","breadcrumb":{"@id":"https:\/\/www.autolexicon.net\/de\/podminky-uziti\/#breadcrumb"},"inLanguage":"de","potentialAction":[{"@type":"ReadAction","target":[["https:\/\/www.autolexicon.net\/de\/podminky-uziti\/"]]}]},{"@type":"BreadcrumbList","@id":"https:\/\/www.autolexicon.net\/de\/podminky-uziti\/#breadcrumb","itemListElement":[{"@type":"ListItem","position":1,"name":"Dom\u016f","item":"https:\/\/www.autolexicon.net\/de\/"},{"@type":"ListItem","position":2,"name":"Podm\u00ednky u\u017eit\u00ed"}]},{"@type":"WebSite","@id":"https:\/\/www.autolexicon.net\/de\/#website","url":"https:\/\/www.autolexicon.net\/de\/","name":"autolexicon.net","description":"... bei uns sehen Sie unter die Haube","publisher":{"@id":"https:\/\/www.autolexicon.net\/de\/#organization"},"potentialAction":[{"@type":"SearchAction","target":{"@type":"EntryPoint","urlTemplate":"https:\/\/www.autolexicon.net\/de\/?s={search_term_string}"},"query-input":{"@type":"PropertyValueSpecification","valueRequired":true,"valueName":"search_term_string"}}],"inLanguage":"de"},{"@type":"Organization","@id":"https:\/\/www.autolexicon.net\/de\/#organization","name":"autolexicon.net","url":"https:\/\/www.autolexicon.net\/de\/","logo":{"@type":"ImageObject","inLanguage":"de","@id":"https:\/\/www.autolexicon.net\/de\/#\/schema\/logo\/image\/","url":"https:\/\/www.autolexicon.net\/obr_clanky\/2024_logo___330x90px-2.png","contentUrl":"https:\/\/www.autolexicon.net\/obr_clanky\/2024_logo___330x90px-2.png","width":328,"height":90,"caption":"autolexicon.net"},"image":{"@id":"https:\/\/www.autolexicon.net\/de\/#\/schema\/logo\/image\/"},"sameAs":["https:\/\/www.facebook.com\/autolexicon.net","https:\/\/x.com\/autolexiconnet"]}]}},"_links":{"self":[{"href":"https:\/\/www.autolexicon.net\/de\/wp-json\/wp\/v2\/pages\/7036","targetHints":{"allow":["GET"]}}],"collection":[{"href":"https:\/\/www.autolexicon.net\/de\/wp-json\/wp\/v2\/pages"}],"about":[{"href":"https:\/\/www.autolexicon.net\/de\/wp-json\/wp\/v2\/types\/page"}],"author":[{"embeddable":true,"href":"https:\/\/www.autolexicon.net\/de\/wp-json\/wp\/v2\/users\/1"}],"replies":[{"embeddable":true,"href":"https:\/\/www.autolexicon.net\/de\/wp-json\/wp\/v2\/comments?post=7036"}],"version-history":[{"count":0,"href":"https:\/\/www.autolexicon.net\/de\/wp-json\/wp\/v2\/pages\/7036\/revisions"}],"wp:attachment":[{"href":"https:\/\/www.autolexicon.net\/de\/wp-json\/wp\/v2\/media?parent=7036"}],"curies":[{"name":"wp","href":"https:\/\/api.w.org\/{rel}","templated":true}]}}