{"id":10644,"date":"2023-12-29T08:16:58","date_gmt":"2023-12-29T08:16:58","guid":{"rendered":"https:\/\/www.autolexicon.net\/?page_id=10644"},"modified":"2023-12-29T08:16:58","modified_gmt":"2023-12-29T08:16:58","slug":"ochrana-osobnich-udaju","status":"publish","type":"page","link":"https:\/\/www.autolexicon.net\/en\/ochrana-osobnich-udaju\/","title":{"rendered":"Personal data protection"},"content":{"rendered":"<p><\/p>\n<p style=\"text-align: justify;\"><span style=\"font-family: verdana, geneva, sans-serif; font-size: 10pt;\">Autolexicon.net, within the meaning of Act No. 101\/2000 Coll., on the protection of personal data, as amended, guarantees that it does not collect or gather any personal data unless visitors (customers, business partners) have voluntarily provided it themselves, e.g. in the form of surveys, registration, competitions, etc.<\/span><\/p>\n<p style=\"text-align: justify;\"><span style=\"font-family: verdana, geneva, sans-serif; font-size: 10pt;\">Autolexicon.net, undertakes to protect all personal data provided, as it considers them to be strictly confidential and, in accordance with the above-mentioned law, cannot therefore be disclosed, sold or revealed to third parties without express consent, except as provided for by this law.<\/span><\/p>\n<p><\/p>","protected":false},"excerpt":{"rendered":"<p>Autolexicon.net, within the meaning of Act No. 101\/2000 Coll., on the protection of personal data, as amended, guarantees that it<\/p>\n","protected":false},"author":1,"featured_media":0,"parent":0,"menu_order":0,"comment_status":"closed","ping_status":"closed","template":"","meta":{"colormag_page_container_layout":"default_layout","colormag_page_sidebar_layout":"default_layout","rop_custom_images_group":[],"rop_custom_messages_group":[],"rop_publish_now":"initial","rop_publish_now_accounts":{"facebook_10217573569066608_119527941460186":"","twitter_308591058_308591058":""},"rop_publish_now_history":[],"rop_publish_now_status":"pending","ngg_post_thumbnail":0,"two_page_speed":[],"footnotes":""},"class_list":["post-10644","page","type-page","status-publish","hentry"],"yoast_head":"<!-- This site is optimized with the Yoast SEO plugin v27.4 - https:\/\/yoast.com\/product\/yoast-seo-wordpress\/ -->\n<title>Personal data protection - autolexicon.net<\/title>\n<meta name=\"robots\" content=\"index, follow, max-snippet:-1, max-image-preview:large, max-video-preview:-1\" \/>\n<link rel=\"canonical\" href=\"https:\/\/www.autolexicon.net\/en\/ochrana-osobnich-udaju\/\" \/>\n<meta property=\"og:locale\" content=\"en_US\" \/>\n<meta property=\"og:type\" content=\"article\" \/>\n<meta property=\"og:title\" content=\"Personal data protection - autolexicon.net\" \/>\n<meta property=\"og:description\" content=\"Autolexicon.net, within the meaning of Act No. 101\/2000 Coll., on the protection of personal data, as amended, guarantees that it\" \/>\n<meta property=\"og:url\" content=\"https:\/\/www.autolexicon.net\/en\/ochrana-osobnich-udaju\/\" \/>\n<meta property=\"og:site_name\" content=\"autolexicon.net\" \/>\n<meta property=\"article:publisher\" content=\"https:\/\/www.facebook.com\/autolexicon.net\" \/>\n<meta name=\"twitter:card\" content=\"summary_large_image\" \/>\n<meta name=\"twitter:site\" content=\"@autolexiconnet\" \/>\n<meta name=\"twitter:label1\" content=\"Est. reading time\" \/>\n\t<meta name=\"twitter:data1\" content=\"2 minutes\" \/>\n<script type=\"application\/ld+json\" class=\"yoast-schema-graph\">{\"@context\":\"https:\\\/\\\/schema.org\",\"@graph\":[{\"@type\":\"WebPage\",\"@id\":\"https:\\\/\\\/www.autolexicon.net\\\/en\\\/ochrana-osobnich-udaju\\\/\",\"url\":\"https:\\\/\\\/www.autolexicon.net\\\/en\\\/ochrana-osobnich-udaju\\\/\",\"name\":\"Personal data protection - autolexicon.net\",\"isPartOf\":{\"@id\":\"https:\\\/\\\/www.autolexicon.net\\\/en\\\/#website\"},\"datePublished\":\"2023-12-29T08:16:58+00:00\",\"breadcrumb\":{\"@id\":\"https:\\\/\\\/www.autolexicon.net\\\/en\\\/ochrana-osobnich-udaju\\\/#breadcrumb\"},\"inLanguage\":\"en-US\",\"potentialAction\":[{\"@type\":\"ReadAction\",\"target\":[[\"https:\\\/\\\/www.autolexicon.net\\\/en\\\/ochrana-osobnich-udaju\\\/\"]]}]},{\"@type\":\"BreadcrumbList\",\"@id\":\"https:\\\/\\\/www.autolexicon.net\\\/en\\\/ochrana-osobnich-udaju\\\/#breadcrumb\",\"itemListElement\":[{\"@type\":\"ListItem\",\"position\":1,\"name\":\"Dom\u016f\",\"item\":\"https:\\\/\\\/www.autolexicon.net\\\/en\\\/\"},{\"@type\":\"ListItem\",\"position\":2,\"name\":\"Ochrana osobn\u00edch \u00fadaj\u016f\"}]},{\"@type\":\"WebSite\",\"@id\":\"https:\\\/\\\/www.autolexicon.net\\\/en\\\/#website\",\"url\":\"https:\\\/\\\/www.autolexicon.net\\\/en\\\/\",\"name\":\"autolexicon.net\",\"description\":\"... with us you will see under the hood\",\"publisher\":{\"@id\":\"https:\\\/\\\/www.autolexicon.net\\\/en\\\/#organization\"},\"potentialAction\":[{\"@type\":\"SearchAction\",\"target\":{\"@type\":\"EntryPoint\",\"urlTemplate\":\"https:\\\/\\\/www.autolexicon.net\\\/en\\\/?s={search_term_string}\"},\"query-input\":{\"@type\":\"PropertyValueSpecification\",\"valueRequired\":true,\"valueName\":\"search_term_string\"}}],\"inLanguage\":\"en-US\"},{\"@type\":\"Organization\",\"@id\":\"https:\\\/\\\/www.autolexicon.net\\\/en\\\/#organization\",\"name\":\"autolexicon.net\",\"url\":\"https:\\\/\\\/www.autolexicon.net\\\/en\\\/\",\"logo\":{\"@type\":\"ImageObject\",\"inLanguage\":\"en-US\",\"@id\":\"https:\\\/\\\/www.autolexicon.net\\\/en\\\/#\\\/schema\\\/logo\\\/image\\\/\",\"url\":\"https:\\\/\\\/www.autolexicon.net\\\/obr_clanky\\\/2024_logo___330x90px-2.png\",\"contentUrl\":\"https:\\\/\\\/www.autolexicon.net\\\/obr_clanky\\\/2024_logo___330x90px-2.png\",\"width\":328,\"height\":90,\"caption\":\"autolexicon.net\"},\"image\":{\"@id\":\"https:\\\/\\\/www.autolexicon.net\\\/en\\\/#\\\/schema\\\/logo\\\/image\\\/\"},\"sameAs\":[\"https:\\\/\\\/www.facebook.com\\\/autolexicon.net\",\"https:\\\/\\\/x.com\\\/autolexiconnet\"]}]}<\/script>\n<!-- \/ Yoast SEO plugin. -->","yoast_head_json":{"title":"Personal data protection - autolexicon.net","robots":{"index":"index","follow":"follow","max-snippet":"max-snippet:-1","max-image-preview":"max-image-preview:large","max-video-preview":"max-video-preview:-1"},"canonical":"https:\/\/www.autolexicon.net\/en\/ochrana-osobnich-udaju\/","og_locale":"en_US","og_type":"article","og_title":"Personal data protection - autolexicon.net","og_description":"Autolexicon.net, within the meaning of Act No. 101\/2000 Coll., on the protection of personal data, as amended, guarantees that it","og_url":"https:\/\/www.autolexicon.net\/en\/ochrana-osobnich-udaju\/","og_site_name":"autolexicon.net","article_publisher":"https:\/\/www.facebook.com\/autolexicon.net","twitter_card":"summary_large_image","twitter_site":"@autolexiconnet","twitter_misc":{"Est. reading time":"2 minutes"},"schema":{"@context":"https:\/\/schema.org","@graph":[{"@type":"WebPage","@id":"https:\/\/www.autolexicon.net\/en\/ochrana-osobnich-udaju\/","url":"https:\/\/www.autolexicon.net\/en\/ochrana-osobnich-udaju\/","name":"Personal data protection - autolexicon.net","isPartOf":{"@id":"https:\/\/www.autolexicon.net\/en\/#website"},"datePublished":"2023-12-29T08:16:58+00:00","breadcrumb":{"@id":"https:\/\/www.autolexicon.net\/en\/ochrana-osobnich-udaju\/#breadcrumb"},"inLanguage":"en-US","potentialAction":[{"@type":"ReadAction","target":[["https:\/\/www.autolexicon.net\/en\/ochrana-osobnich-udaju\/"]]}]},{"@type":"BreadcrumbList","@id":"https:\/\/www.autolexicon.net\/en\/ochrana-osobnich-udaju\/#breadcrumb","itemListElement":[{"@type":"ListItem","position":1,"name":"Dom\u016f","item":"https:\/\/www.autolexicon.net\/en\/"},{"@type":"ListItem","position":2,"name":"Ochrana osobn\u00edch \u00fadaj\u016f"}]},{"@type":"WebSite","@id":"https:\/\/www.autolexicon.net\/en\/#website","url":"https:\/\/www.autolexicon.net\/en\/","name":"autolexicon.net","description":"... with us you will see under the hood","publisher":{"@id":"https:\/\/www.autolexicon.net\/en\/#organization"},"potentialAction":[{"@type":"SearchAction","target":{"@type":"EntryPoint","urlTemplate":"https:\/\/www.autolexicon.net\/en\/?s={search_term_string}"},"query-input":{"@type":"PropertyValueSpecification","valueRequired":true,"valueName":"search_term_string"}}],"inLanguage":"en-US"},{"@type":"Organization","@id":"https:\/\/www.autolexicon.net\/en\/#organization","name":"autolexicon.net","url":"https:\/\/www.autolexicon.net\/en\/","logo":{"@type":"ImageObject","inLanguage":"en-US","@id":"https:\/\/www.autolexicon.net\/en\/#\/schema\/logo\/image\/","url":"https:\/\/www.autolexicon.net\/obr_clanky\/2024_logo___330x90px-2.png","contentUrl":"https:\/\/www.autolexicon.net\/obr_clanky\/2024_logo___330x90px-2.png","width":328,"height":90,"caption":"autolexicon.net"},"image":{"@id":"https:\/\/www.autolexicon.net\/en\/#\/schema\/logo\/image\/"},"sameAs":["https:\/\/www.facebook.com\/autolexicon.net","https:\/\/x.com\/autolexiconnet"]}]}},"_links":{"self":[{"href":"https:\/\/www.autolexicon.net\/en\/wp-json\/wp\/v2\/pages\/10644","targetHints":{"allow":["GET"]}}],"collection":[{"href":"https:\/\/www.autolexicon.net\/en\/wp-json\/wp\/v2\/pages"}],"about":[{"href":"https:\/\/www.autolexicon.net\/en\/wp-json\/wp\/v2\/types\/page"}],"author":[{"embeddable":true,"href":"https:\/\/www.autolexicon.net\/en\/wp-json\/wp\/v2\/users\/1"}],"replies":[{"embeddable":true,"href":"https:\/\/www.autolexicon.net\/en\/wp-json\/wp\/v2\/comments?post=10644"}],"version-history":[{"count":0,"href":"https:\/\/www.autolexicon.net\/en\/wp-json\/wp\/v2\/pages\/10644\/revisions"}],"wp:attachment":[{"href":"https:\/\/www.autolexicon.net\/en\/wp-json\/wp\/v2\/media?parent=10644"}],"curies":[{"name":"wp","href":"https:\/\/api.w.org\/{rel}","templated":true}]}}