{"id":2,"date":"2011-03-18T15:34:52","date_gmt":"2011-03-18T15:34:52","guid":{"rendered":"http:\/\/wordpress.autolexicon.net\/?page_id=2"},"modified":"2015-10-06T05:52:26","modified_gmt":"2015-10-06T05:52:26","slug":"uvodni","status":"publish","type":"page","link":"https:\/\/www.autolexicon.net\/sk\/uvodni\/","title":{"rendered":"\u00davodn\u00ed strana"},"content":{"rendered":"<p><\/p>\n<div>\n<p style=\"text-align: justify;\"><span style=\"font-size: small;\"><span style=\"font-family: verdana,geneva;\"><strong><em><span style=\"color: #006666; font-size: small;\">V\u00edt\u00e1me V\u00e1s na internetov\u00e9m port\u00e1lu autolexicon.net, na\u0161e encyklopedie slou\u017e\u00ed  jako on-line technick\u00fd v\u00fdkladov\u00fd slovn\u00edk. N\u00e1\u0161 autolexikon se soust\u0159ed\u00ed na  odborn\u00e9 technick\u00e9 pojmy z oblasti automobilov\u00e9ho pr\u016fmyslu a motorismu. Texty  obsa\u017een\u00e9 v na\u0161\u00ed datab\u00e1zi objas\u0148uj\u00ed prost\u0159ednictv\u00edm kr\u00e1tk\u00fdch \u010dl\u00e1nk\u016f \u0159adu  technick\u00fdch pojm\u016f, vysv\u011btluj\u00ed principy funkce r\u016fzn\u00fdch za\u0159\u00edzen\u00ed i historii  vzniku.<\/span><\/em><\/strong><\/span><\/span><\/p>\n<\/div>\n<p><span style=\"font-size: small;\"><span style=\"font-family: verdana,geneva;\"><strong> <\/strong><\/span><\/span><\/p>\n<div><span style=\"font-size: small;\"><span style=\"font-family: verdana,geneva;\"> <\/span><\/span><span style=\"font-size: small;\"><span style=\"font-family: verdana,geneva;\"> <\/span><\/span><\/p>\n<p><span style=\"font-size: small;\"><span style=\"font-family: verdana,geneva;\"> <\/span><\/span><span style=\"font-size: small;\"><span style=\"font-family: verdana,geneva;\"><strong> <\/strong><\/span><\/span><\/p>\n<\/div>\n<p style=\"text-align: center;\"><img decoding=\"async\" src=\"http:\/\/www.autolexicon.net\/image\/autolexicon_468x60.jpg\" alt=\"\" \/><\/p>\n<div>\n<p style=\"text-align: justify;\"><span style=\"font-size: small;\"><span style=\"font-family: verdana,geneva;\"><strong><em><span style=\"color: #006666; font-size: small;\"> P\u0159i zpracov\u00e1n\u00ed \u010dl\u00e1nk\u016f se sna\u017e\u00edme j\u00edt  do hloubky, ka\u017ed\u00fd pojem pe\u010dliv\u011b zpracov\u00e1v\u00e1me a konzultujeme s odborn\u00edky z oboru.  Douf\u00e1me, \u017ee zde najdete pot\u0159ebn\u00e9 informace a budete se sem pravideln\u011b  vracet.<\/span><\/em><\/strong><\/span><\/span><\/p>\n<\/div>\n<div>\n<p><span style=\"font-size: small;\"><span style=\"font-family: verdana,geneva;\"><strong> <\/strong><\/span><\/span><\/p>\n<p style=\"text-align: right;\"><span style=\"font-size: small;\"><span style=\"font-family: verdana,geneva;\"><strong><em><span style=\"color: #006666; font-size: small;\">D\u011bkujeme za  n\u00e1v\u0161t\u011bvu t\u00fdm autolexicon.net<\/span><\/em><\/strong><\/span><\/span><\/p>\n<\/div>\n<p><\/p>","protected":false},"excerpt":{"rendered":"<p>V\u00edt\u00e1me V\u00e1s na internetov\u00e9m port\u00e1lu autolexicon.net, na\u0161e encyklopedie slou\u017e\u00ed jako on-line technick\u00fd v\u00fdkladov\u00fd slovn\u00edk. N\u00e1\u0161 autolexikon se soust\u0159ed\u00ed na odborn\u00e9<\/p>\n","protected":false},"author":1,"featured_media":0,"parent":0,"menu_order":0,"comment_status":"closed","ping_status":"open","template":"","meta":{"colormag_page_container_layout":"default_layout","colormag_page_sidebar_layout":"default_layout","rop_custom_images_group":[],"rop_custom_messages_group":[],"rop_publish_now":"initial","rop_publish_now_accounts":{"facebook_10217573569066608_119527941460186":"","twitter_308591058_308591058":""},"rop_publish_now_history":[],"rop_publish_now_status":"pending","ngg_post_thumbnail":0,"two_page_speed":[],"footnotes":""},"class_list":["post-2","page","type-page","status-publish","hentry"],"yoast_head":"<!-- This site is optimized with the Yoast SEO plugin v27.4 - https:\/\/yoast.com\/product\/yoast-seo-wordpress\/ -->\n<title>\u00davodn\u00ed strana - autolexicon.net<\/title>\n<meta name=\"robots\" content=\"index, follow, max-snippet:-1, max-image-preview:large, max-video-preview:-1\" \/>\n<link rel=\"canonical\" href=\"https:\/\/www.autolexicon.net\/sk\/uvodni\/\" \/>\n<meta property=\"og:locale\" content=\"sk_SK\" \/>\n<meta property=\"og:type\" content=\"article\" \/>\n<meta property=\"og:title\" content=\"\u00davodn\u00ed strana - autolexicon.net\" \/>\n<meta property=\"og:description\" content=\"V\u00edt\u00e1me V\u00e1s na internetov\u00e9m port\u00e1lu autolexicon.net, na\u0161e encyklopedie slou\u017e\u00ed jako on-line technick\u00fd v\u00fdkladov\u00fd slovn\u00edk. N\u00e1\u0161 autolexikon se soust\u0159ed\u00ed na odborn\u00e9\" \/>\n<meta property=\"og:url\" content=\"https:\/\/www.autolexicon.net\/sk\/uvodni\/\" \/>\n<meta property=\"og:site_name\" content=\"autolexicon.net\" \/>\n<meta property=\"article:publisher\" content=\"https:\/\/www.facebook.com\/autolexicon.net\" \/>\n<meta property=\"article:modified_time\" content=\"2015-10-06T05:52:26+00:00\" \/>\n<meta property=\"og:image\" content=\"http:\/\/www.autolexicon.net\/image\/autolexicon_468x60.jpg\" \/>\n<meta name=\"twitter:card\" content=\"summary_large_image\" \/>\n<meta name=\"twitter:site\" content=\"@autolexiconnet\" \/>\n<meta name=\"twitter:label1\" content=\"Predpokladan\u00fd \u010das \u010d\u00edtania\" \/>\n\t<meta name=\"twitter:data1\" content=\"1 min\u00fata\" \/>\n<script type=\"application\/ld+json\" class=\"yoast-schema-graph\">{\"@context\":\"https:\\\/\\\/schema.org\",\"@graph\":[{\"@type\":\"WebPage\",\"@id\":\"https:\\\/\\\/www.autolexicon.net\\\/sk\\\/uvodni\\\/\",\"url\":\"https:\\\/\\\/www.autolexicon.net\\\/sk\\\/uvodni\\\/\",\"name\":\"\u00davodn\u00ed strana - autolexicon.net\",\"isPartOf\":{\"@id\":\"https:\\\/\\\/www.autolexicon.net\\\/sk\\\/#website\"},\"primaryImageOfPage\":{\"@id\":\"https:\\\/\\\/www.autolexicon.net\\\/sk\\\/uvodni\\\/#primaryimage\"},\"image\":{\"@id\":\"https:\\\/\\\/www.autolexicon.net\\\/uvodni\\\/#primaryimage\"},\"thumbnailUrl\":\"http:\\\/\\\/www.autolexicon.net\\\/image\\\/autolexicon_468x60.jpg\",\"datePublished\":\"2011-03-18T15:34:52+00:00\",\"dateModified\":\"2015-10-06T05:52:26+00:00\",\"breadcrumb\":{\"@id\":\"https:\\\/\\\/www.autolexicon.net\\\/sk\\\/uvodni\\\/#breadcrumb\"},\"inLanguage\":\"sk-SK\",\"potentialAction\":[{\"@type\":\"ReadAction\",\"target\":[[\"https:\\\/\\\/www.autolexicon.net\\\/sk\\\/uvodni\\\/\"]]}]},{\"@type\":\"ImageObject\",\"inLanguage\":\"sk-SK\",\"@id\":\"https:\\\/\\\/www.autolexicon.net\\\/sk\\\/uvodni\\\/#primaryimage\",\"url\":\"http:\\\/\\\/www.autolexicon.net\\\/image\\\/autolexicon_468x60.jpg\",\"contentUrl\":\"http:\\\/\\\/www.autolexicon.net\\\/image\\\/autolexicon_468x60.jpg\"},{\"@type\":\"BreadcrumbList\",\"@id\":\"https:\\\/\\\/www.autolexicon.net\\\/sk\\\/uvodni\\\/#breadcrumb\",\"itemListElement\":[{\"@type\":\"ListItem\",\"position\":1,\"name\":\"Dom\u016f\",\"item\":\"https:\\\/\\\/www.autolexicon.net\\\/sk\\\/\"},{\"@type\":\"ListItem\",\"position\":2,\"name\":\"\u00davodn\u00ed strana\"}]},{\"@type\":\"WebSite\",\"@id\":\"https:\\\/\\\/www.autolexicon.net\\\/sk\\\/#website\",\"url\":\"https:\\\/\\\/www.autolexicon.net\\\/sk\\\/\",\"name\":\"autolexicon.net\",\"description\":\"... s nami uvid\u00edte pod kapotu\",\"publisher\":{\"@id\":\"https:\\\/\\\/www.autolexicon.net\\\/sk\\\/#organization\"},\"potentialAction\":[{\"@type\":\"SearchAction\",\"target\":{\"@type\":\"EntryPoint\",\"urlTemplate\":\"https:\\\/\\\/www.autolexicon.net\\\/sk\\\/?s={search_term_string}\"},\"query-input\":{\"@type\":\"PropertyValueSpecification\",\"valueRequired\":true,\"valueName\":\"search_term_string\"}}],\"inLanguage\":\"sk-SK\"},{\"@type\":\"Organization\",\"@id\":\"https:\\\/\\\/www.autolexicon.net\\\/sk\\\/#organization\",\"name\":\"autolexicon.net\",\"url\":\"https:\\\/\\\/www.autolexicon.net\\\/sk\\\/\",\"logo\":{\"@type\":\"ImageObject\",\"inLanguage\":\"sk-SK\",\"@id\":\"https:\\\/\\\/www.autolexicon.net\\\/sk\\\/#\\\/schema\\\/logo\\\/image\\\/\",\"url\":\"https:\\\/\\\/www.autolexicon.net\\\/obr_clanky\\\/2024_logo___330x90px-2.png\",\"contentUrl\":\"https:\\\/\\\/www.autolexicon.net\\\/obr_clanky\\\/2024_logo___330x90px-2.png\",\"width\":328,\"height\":90,\"caption\":\"autolexicon.net\"},\"image\":{\"@id\":\"https:\\\/\\\/www.autolexicon.net\\\/sk\\\/#\\\/schema\\\/logo\\\/image\\\/\"},\"sameAs\":[\"https:\\\/\\\/www.facebook.com\\\/autolexicon.net\",\"https:\\\/\\\/x.com\\\/autolexiconnet\"]}]}<\/script>\n<!-- \/ Yoast SEO plugin. -->","yoast_head_json":{"title":"\u00davodn\u00ed strana - autolexicon.net","robots":{"index":"index","follow":"follow","max-snippet":"max-snippet:-1","max-image-preview":"max-image-preview:large","max-video-preview":"max-video-preview:-1"},"canonical":"https:\/\/www.autolexicon.net\/sk\/uvodni\/","og_locale":"sk_SK","og_type":"article","og_title":"\u00davodn\u00ed strana - autolexicon.net","og_description":"V\u00edt\u00e1me V\u00e1s na internetov\u00e9m port\u00e1lu autolexicon.net, na\u0161e encyklopedie slou\u017e\u00ed jako on-line technick\u00fd v\u00fdkladov\u00fd slovn\u00edk. N\u00e1\u0161 autolexikon se soust\u0159ed\u00ed na odborn\u00e9","og_url":"https:\/\/www.autolexicon.net\/sk\/uvodni\/","og_site_name":"autolexicon.net","article_publisher":"https:\/\/www.facebook.com\/autolexicon.net","article_modified_time":"2015-10-06T05:52:26+00:00","og_image":[{"url":"http:\/\/www.autolexicon.net\/image\/autolexicon_468x60.jpg","type":"","width":"","height":""}],"twitter_card":"summary_large_image","twitter_site":"@autolexiconnet","twitter_misc":{"Predpokladan\u00fd \u010das \u010d\u00edtania":"1 min\u00fata"},"schema":{"@context":"https:\/\/schema.org","@graph":[{"@type":"WebPage","@id":"https:\/\/www.autolexicon.net\/sk\/uvodni\/","url":"https:\/\/www.autolexicon.net\/sk\/uvodni\/","name":"\u00davodn\u00ed strana - autolexicon.net","isPartOf":{"@id":"https:\/\/www.autolexicon.net\/sk\/#website"},"primaryImageOfPage":{"@id":"https:\/\/www.autolexicon.net\/sk\/uvodni\/#primaryimage"},"image":{"@id":"https:\/\/www.autolexicon.net\/uvodni\/#primaryimage"},"thumbnailUrl":"http:\/\/www.autolexicon.net\/image\/autolexicon_468x60.jpg","datePublished":"2011-03-18T15:34:52+00:00","dateModified":"2015-10-06T05:52:26+00:00","breadcrumb":{"@id":"https:\/\/www.autolexicon.net\/sk\/uvodni\/#breadcrumb"},"inLanguage":"sk-SK","potentialAction":[{"@type":"ReadAction","target":[["https:\/\/www.autolexicon.net\/sk\/uvodni\/"]]}]},{"@type":"ImageObject","inLanguage":"sk-SK","@id":"https:\/\/www.autolexicon.net\/sk\/uvodni\/#primaryimage","url":"http:\/\/www.autolexicon.net\/image\/autolexicon_468x60.jpg","contentUrl":"http:\/\/www.autolexicon.net\/image\/autolexicon_468x60.jpg"},{"@type":"BreadcrumbList","@id":"https:\/\/www.autolexicon.net\/sk\/uvodni\/#breadcrumb","itemListElement":[{"@type":"ListItem","position":1,"name":"Dom\u016f","item":"https:\/\/www.autolexicon.net\/sk\/"},{"@type":"ListItem","position":2,"name":"\u00davodn\u00ed strana"}]},{"@type":"WebSite","@id":"https:\/\/www.autolexicon.net\/sk\/#website","url":"https:\/\/www.autolexicon.net\/sk\/","name":"autolexicon.net","description":"... s nami uvid\u00edte pod kapotu","publisher":{"@id":"https:\/\/www.autolexicon.net\/sk\/#organization"},"potentialAction":[{"@type":"SearchAction","target":{"@type":"EntryPoint","urlTemplate":"https:\/\/www.autolexicon.net\/sk\/?s={search_term_string}"},"query-input":{"@type":"PropertyValueSpecification","valueRequired":true,"valueName":"search_term_string"}}],"inLanguage":"sk-SK"},{"@type":"Organization","@id":"https:\/\/www.autolexicon.net\/sk\/#organization","name":"autolexicon.net","url":"https:\/\/www.autolexicon.net\/sk\/","logo":{"@type":"ImageObject","inLanguage":"sk-SK","@id":"https:\/\/www.autolexicon.net\/sk\/#\/schema\/logo\/image\/","url":"https:\/\/www.autolexicon.net\/obr_clanky\/2024_logo___330x90px-2.png","contentUrl":"https:\/\/www.autolexicon.net\/obr_clanky\/2024_logo___330x90px-2.png","width":328,"height":90,"caption":"autolexicon.net"},"image":{"@id":"https:\/\/www.autolexicon.net\/sk\/#\/schema\/logo\/image\/"},"sameAs":["https:\/\/www.facebook.com\/autolexicon.net","https:\/\/x.com\/autolexiconnet"]}]}},"_links":{"self":[{"href":"https:\/\/www.autolexicon.net\/sk\/wp-json\/wp\/v2\/pages\/2","targetHints":{"allow":["GET"]}}],"collection":[{"href":"https:\/\/www.autolexicon.net\/sk\/wp-json\/wp\/v2\/pages"}],"about":[{"href":"https:\/\/www.autolexicon.net\/sk\/wp-json\/wp\/v2\/types\/page"}],"author":[{"embeddable":true,"href":"https:\/\/www.autolexicon.net\/sk\/wp-json\/wp\/v2\/users\/1"}],"replies":[{"embeddable":true,"href":"https:\/\/www.autolexicon.net\/sk\/wp-json\/wp\/v2\/comments?post=2"}],"version-history":[{"count":0,"href":"https:\/\/www.autolexicon.net\/sk\/wp-json\/wp\/v2\/pages\/2\/revisions"}],"wp:attachment":[{"href":"https:\/\/www.autolexicon.net\/sk\/wp-json\/wp\/v2\/media?parent=2"}],"curies":[{"name":"wp","href":"https:\/\/api.w.org\/{rel}","templated":true}]}}